{"id":409,"date":"2020-01-23T20:31:41","date_gmt":"2020-01-23T19:31:41","guid":{"rendered":"http:\/\/my-himachal.de\/?page_id=409"},"modified":"2020-01-23T20:34:18","modified_gmt":"2020-01-23T19:34:18","slug":"datenschutzerklaerung","status":"publish","type":"page","link":"http:\/\/www.my-himachal.de\/?page_id=409","title":{"rendered":"Datenschutzerkl\u00e4rung"},"content":{"rendered":"\n<h3 class=\"wp-block-heading\">Wer wir sind<\/h3>\n\n\n\n<p>Die Adresse unserer Website ist: https:\/\/www.my-himachal.de<\/p>\n\n\n\n<h3 class=\"wp-block-heading\">Welche personenbezogenen Daten wir sammeln und warum wir sie sammeln<\/h3>\n\n\n\n<h3 class=\"wp-block-heading\">Kommentare<\/h3>\n\n\n\n<p>Wenn Besucher Kommentare auf der Website schreiben, sammeln wir die \nDaten, die im Kommentar-Formular angezeigt werden, au\u00dferdem die \nIP-Adresse des Besuchers und den User-Agent-String (damit wird der \nBrowser identifiziert), um die Erkennung von Spam zu unterst\u00fctzen.<\/p>\n\n\n\n<p>Aus deiner E-Mail-Adresse kann eine anonymisierte Zeichenfolge \nerstellt (auch Hash genannt) und dem Gravatar-Dienst \u00fcbergeben werden, \num zu pr\u00fcfen, ob du diesen benutzt. Die Datenschutzerkl\u00e4rung des \nGravatar-Dienstes findest du hier: https:\/\/automattic.com\/privacy\/. \nNachdem dein Kommentar freigegeben wurde, ist dein Profilbild \u00f6ffentlich\n im Kontext deines Kommentars sichtbar.<\/p>\n\n\n\n<h3 class=\"wp-block-heading\">Medien<\/h3>\n\n\n\n<p>Wenn du ein registrierter Benutzer bist und Fotos auf diese Website \nl\u00e4dst, solltest du vermeiden, Fotos mit einem EXIF-GPS-Standort \nhochzuladen. Besucher dieser Website k\u00f6nnten Fotos, die auf dieser \nWebsite gespeichert sind, herunterladen und deren Standort-Informationen\n extrahieren.<\/p>\n\n\n\n<h3 class=\"wp-block-heading\">Kontaktformulare<\/h3>\n\n\n\n<p>Werden nicht bereitgestellt.<\/p>\n\n\n\n<h3 class=\"wp-block-heading\">Cookies<\/h3>\n\n\n\n<p>Wenn du einen Kommentar auf unserer Website schreibst, kann das eine \nEinwilligung sein, deinen Namen, E-Mail-Adresse und Website in Cookies \nzu speichern. Dies ist eine Komfortfunktion, damit du nicht, wenn du \neinen weiteren Kommentar schreibst, all diese Daten erneut eingeben \nmusst. Diese Cookies werden ein Jahr lang gespeichert.<\/p>\n\n\n\n<p>Falls du ein Konto hast und dich auf dieser Website anmeldest, werden\n wir ein tempor\u00e4res Cookie setzen, um festzustellen, ob dein Browser \nCookies akzeptiert. Dieses Cookie enth\u00e4lt keine personenbezogenen Daten \nund wird verworfen, wenn du deinen Browser schlie\u00dft.<\/p>\n\n\n\n<p>Wenn du dich anmeldest, werden wir einige Cookies einrichten, um \ndeine Anmeldeinformationen und Anzeigeoptionen zu speichern. \nAnmelde-Cookies verfallen nach zwei Tagen und Cookies f\u00fcr die \nAnzeigeoptionen nach einem Jahr. Falls du bei der Anmeldung \u201eAngemeldet \nbleiben\u201c ausw\u00e4hlst, wird deine Anmeldung zwei Wochen lang \naufrechterhalten. Mit der Abmeldung aus deinem Konto werden die \nAnmelde-Cookies gel\u00f6scht.<\/p>\n\n\n\n<p>Wenn du einen Artikel bearbeitest oder ver\u00f6ffentlichst, wird ein \nzus\u00e4tzlicher Cookie in deinem Browser gespeichert. Dieser Cookie enth\u00e4lt\n keine personenbezogenen Daten und verweist nur auf die Beitrags-ID des \nArtikels, den du gerade bearbeitet hast. Der Cookie verf\u00e4llt nach einem \nTag.<\/p>\n\n\n\n<h3 class=\"wp-block-heading\">Eingebettete Inhalte von anderen Websites<\/h3>\n\n\n\n<p>Beitr\u00e4ge auf dieser Website k\u00f6nnen eingebettete Inhalte beinhalten \n(z.&nbsp;B. Videos, Bilder, Beitr\u00e4ge etc.). Eingebettete Inhalte von anderen \nWebsites verhalten sich exakt so, als ob der Besucher die andere Website\n besucht h\u00e4tte.<\/p>\n\n\n\n<p>Diese Websites k\u00f6nnen Daten \u00fcber dich sammeln, Cookies benutzen, \nzus\u00e4tzliche Tracking-Dienste von Dritten einbetten und deine Interaktion\n mit diesem eingebetteten Inhalt aufzeichnen, inklusive deiner \nInteraktion mit dem eingebetteten Inhalt, falls du ein Konto hast und \nauf dieser Website angemeldet bist.<\/p>\n\n\n\n<h2 class=\"wp-block-heading\">Wie lange wir deine Daten speichern<\/h2>\n\n\n\n<p>Wenn du einen Kommentar schreibst, wird dieser inklusive Metadaten \nzeitlich unbegrenzt gespeichert. Auf diese Art k\u00f6nnen wir \nFolgekommentare automatisch erkennen und freigeben, anstelle sie in \neiner Moderations-Warteschlange festzuhalten.<\/p>\n\n\n\n<p>F\u00fcr Benutzer, die sich auf unserer Website registrieren, speichern \nwir zus\u00e4tzlich die pers\u00f6nlichen Informationen, die sie in ihren \nBenutzerprofilen angeben. Alle Benutzer k\u00f6nnen jederzeit ihre \npers\u00f6nlichen Informationen einsehen, ver\u00e4ndern oder l\u00f6schen (der \nBenutzername kann nicht ver\u00e4ndert werden). Administratoren der Website \nk\u00f6nnen diese Informationen ebenfalls einsehen und ver\u00e4ndern.<\/p>\n\n\n\n<h2 class=\"wp-block-heading\">Welche Rechte du an deinen Daten hast<\/h2>\n\n\n\n<p>Wenn du ein Konto auf dieser Website besitzt oder Kommentare \ngeschrieben hast, kannst du einen Export deiner personenbezogenen Daten \nbei uns anfordern, inklusive aller Daten, die du uns mitgeteilt hast. \nDar\u00fcber hinaus kannst du die L\u00f6schung aller personenbezogenen Daten, die\n wir von dir gespeichert haben, anfordern. Dies umfasst nicht die Daten,\n die wir aufgrund administrativer, rechtlicher oder \nsicherheitsrelevanter Notwendigkeiten aufbewahren m\u00fcssen.<\/p>\n\n\n\n<h2 class=\"wp-block-heading\">Wohin wir deine Daten senden<\/h2>\n\n\n\n<p>Besucher-Kommentare k\u00f6nnten von einem automatisierten Dienst zur Spam-Erkennung untersucht werden.<\/p>\n\n\n\n<p>Kontakt-Informationen<br><br>Theo Himmel<br>Pappelweg 15<br>59269 Beckum<\/p>\n","protected":false},"excerpt":{"rendered":"<p>Wer wir sind Die Adresse unserer Website ist: https:\/\/www.my-himachal.de Welche personenbezogenen Daten wir sammeln und warum wir sie sammeln Kommentare [&hellip;]<\/p>\n","protected":false},"author":1,"featured_media":0,"parent":0,"menu_order":0,"comment_status":"closed","ping_status":"closed","template":"","meta":{"footnotes":""},"_links":{"self":[{"href":"http:\/\/www.my-himachal.de\/index.php?rest_route=\/wp\/v2\/pages\/409"}],"collection":[{"href":"http:\/\/www.my-himachal.de\/index.php?rest_route=\/wp\/v2\/pages"}],"about":[{"href":"http:\/\/www.my-himachal.de\/index.php?rest_route=\/wp\/v2\/types\/page"}],"author":[{"embeddable":true,"href":"http:\/\/www.my-himachal.de\/index.php?rest_route=\/wp\/v2\/users\/1"}],"replies":[{"embeddable":true,"href":"http:\/\/www.my-himachal.de\/index.php?rest_route=%2Fwp%2Fv2%2Fcomments&post=409"}],"version-history":[{"count":2,"href":"http:\/\/www.my-himachal.de\/index.php?rest_route=\/wp\/v2\/pages\/409\/revisions"}],"predecessor-version":[{"id":412,"href":"http:\/\/www.my-himachal.de\/index.php?rest_route=\/wp\/v2\/pages\/409\/revisions\/412"}],"wp:attachment":[{"href":"http:\/\/www.my-himachal.de\/index.php?rest_route=%2Fwp%2Fv2%2Fmedia&parent=409"}],"curies":[{"name":"wp","href":"https:\/\/api.w.org\/{rel}","templated":true}]}}